{"id":534,"date":"2024-06-07T08:03:00","date_gmt":"2024-06-07T06:03:00","guid":{"rendered":"https:\/\/enjoy.redhill.dk\/agroviprojekter\/template\/?page_id=534"},"modified":"2025-05-19T14:10:52","modified_gmt":"2025-05-19T12:10:52","slug":"om-projektet","status":"publish","type":"page","link":"https:\/\/agroviprojekter.dk\/agroecologytransect\/om-projektet\/","title":{"rendered":"Om projektet"},"content":{"rendered":"<div>\n<p>    <img decoding=\"async\" data-src=\"\/agroecologytransect\/wp-content\/uploads\/sites\/7\/2025\/05\/20220624_204703-scaled.jpg\" alt=\"\" src=\"data:image\/svg+xml;base64,PHN2ZyB3aWR0aD0iMSIgaGVpZ2h0PSIxIiB4bWxucz0iaHR0cDovL3d3dy53My5vcmcvMjAwMC9zdmciPjwvc3ZnPg==\" class=\"lazyload\" style=\"--smush-placeholder-width: 2560px; --smush-placeholder-aspect-ratio: 2560\/1920;\"><\/p>\n<h3>om projekt<\/h3>\n<div>\n<p><span>Agroecology TRANSECT er et projekt, der gennemf\u00f8res i et samarbejde mellem 10 europ\u00e6iske lande. Form\u00e5let med projektet er at \u00f8ge anvendelsen af en bred vifte af agro\u00f8kologiske (regenerative) landbrugsmetoder hos europ\u00e6iske landm\u00e6nd.<\/span><\/p>\n<\/div>\n<\/div>\n<p><img decoding=\"async\" data-src=\"\/agroecologytransect\/wp-content\/uploads\/sites\/7\/2025\/05\/IMG_1141-scaled.jpg\" alt=\"\" src=\"data:image\/svg+xml;base64,PHN2ZyB3aWR0aD0iMSIgaGVpZ2h0PSIxIiB4bWxucz0iaHR0cDovL3d3dy53My5vcmcvMjAwMC9zdmciPjwvc3ZnPg==\" class=\"lazyload\" style=\"--smush-placeholder-width: 2560px; --smush-placeholder-aspect-ratio: 2560\/1920;\"><\/p>\n<h2>Projektets form\u00e5l<\/h2>\n<div>\n<p>Agroecology TRANSECT er et projekt, der gennemf\u00f8res i et samarbejde mellem 10 europ\u00e6iske lande. Form\u00e5let med projektet er at \u00f8ge anvendelsen af en bred vifte af agro\u00f8kologiske landbrugsmetoder hos europ\u00e6iske landm\u00e6nd. Du kan se en mere detaljeret definition at agro\u00f8kologi her (link), men overordnet set, s\u00e5 kan begrebet beskrives som en tilgang til transformering af hele f\u00f8devaresystemet med henblik p\u00e5 b\u00e6redygtighed fra jord til bord.<\/p>\n<p>Den rent landbrugsm\u00e6ssige del af agro\u00f8kologi har fokus p\u00e5 at f\u00e5 mest muligt ud af de naturlige processer i jord, afgr\u00f8der og \u00f8kosystem, samtidig med at man reducerer ressourceforbruget i form af input i produktionen af afgr\u00f8der og har fokus p\u00e5 at \u00f8ge jordsundhed og biodiversitet. Projektet er finansieret af EU gennem Horizon Europe programmet.<\/p>\n<p>I den danske del af projektet arbejder vi med at fremme udbredelsen af Conservation Agriculture. Det g\u00f8r vi gennem et samarbejde mellem Roskilde Universitet, Agrovi og erfagrupper for landm\u00e6nd med fokus p\u00e5 pl\u00f8jefri dyrkning af jorden.<\/p>\n<p>Erfagrupperne, der indg\u00e5r i projektet, har eksisteret i flere \u00e5r inden projektets start og de k\u00f8rer videre som hidtil. Men med projektet, Agroecology TRANSECT, kan vi tilbyde erfagrupperne noget ekstra i form at blandt andet hj\u00e6lp til gennemf\u00f8relse af, og opf\u00f8lgning p\u00e5 markfors\u00f8g. Vi kan desuden arbejde for bedre rammevilk\u00e5r, bedre afs\u00e6tningsmuligheder og en bedre indsigt i driftsformen blandt forbrugerne og i samfundet generelt.<\/p>\n<\/div>\n<ul>\n<li>\n<p>\n        <a href=\"\/agroecologytransect\/arrangementer\/\">ARRANGEMENTER<\/a>\n    <\/p>\n<\/li>\n<li>\n<p>\n        <a href=\"\/agroecologytransect\/viden\/\">VIDEN<\/a>\n    <\/p>\n<\/li>\n<li>\n<p>\n        <a href=\"\/agroecologytransect\/medvirkende\/\">MEDVIRKENDE<\/a>\n    <\/p>\n<\/li>\n<\/ul>\n<p><img decoding=\"async\" data-src=\"\/agroecologytransect\/wp-content\/uploads\/sites\/7\/2025\/05\/Agroecology-TRANSECT_RGB-BLACK-TEXT-scaled.png\" alt=\"\" src=\"data:image\/svg+xml;base64,PHN2ZyB3aWR0aD0iMSIgaGVpZ2h0PSIxIiB4bWxucz0iaHR0cDovL3d3dy53My5vcmcvMjAwMC9zdmciPjwvc3ZnPg==\" class=\"lazyload\" style=\"--smush-placeholder-width: 2560px; --smush-placeholder-aspect-ratio: 2560\/747;\"><\/p>\n<h2>Innovation hubs<\/h2>\n<div>\n<p class=\"xmsonormal\">Det danske samarbejde mellem Agrovi, RUC og de pl\u00f8jefri erfagrupper kaldes i projektets sammenh\u00e6ng for et Innovation Hub (IH). Udover det danske IH, er der yderligere 10 IH\u2019er fordelt p\u00e5 de 9 andre europ\u00e6iske lande Rum\u00e6nien, Schweiz, Frankrig, Slovenien, Bulgarien, Spanien, Ungarn, Belgien og Holland.<\/p>\n<p class=\"xmsonormal\">Frankrig har to IH\u2019er placeret henholdsvis midt p\u00e5 det franske fastland og p\u00e5 Guadeloupe (Fransk Vestindien). De i alt 11 IH\u2019er repr\u00e6sentere en bred vifte af forskellige europ\u00e6iske landbrugssystemer og bioklimatiske zoner. Du kan l\u00e6se mere om det samlede projekt og de \u00f8vrige IH\u2019er her<span>\u00a0<\/span><a href=\"https:\/\/www.agroecology-transect.net\/\">link<\/a><o:p><\/o:p><\/p>\n<p class=\"xmsonormal\">Projektet l\u00f8ber frem til september 2026.<\/p>\n<\/div>\n<p><!--more--><br \/>\n<!-- {\"type\":\"layout\",\"children\":[{\"type\":\"section\",\"props\":{\"header_transparent\":true,\"header_transparent_noplaceholder\":true,\"image_position\":\"center-center\",\"padding_remove_bottom\":true,\"padding_remove_top\":true,\"style\":\"default\",\"title_breakpoint\":\"xl\",\"title_position\":\"top-left\",\"title_rotation\":\"left\",\"vertical_align\":\"middle\",\"width\":\"\"},\"children\":[{\"type\":\"row\",\"children\":[{\"type\":\"column\",\"props\":{\"image_position\":\"center-center\",\"position_sticky_breakpoint\":\"m\"},\"children\":[{\"type\":\"slideshow\",\"props\":{\"container_padding_remove\":false,\"css\":\"@media (max-width:700px) {.el-title {font-size:25px;margin-bottom:-10px !important;}}\",\"link_style\":\"default\",\"link_text\":\"Read more\",\"margin\":\"default\",\"meta_align\":\"below-title\",\"meta_color\":\"muted\",\"meta_element\":\"div\",\"meta_margin\":\"large\",\"meta_style\":\"text-large\",\"nav\":\"dotnav\",\"nav_align\":\"center\",\"nav_breakpoint\":\"s\",\"nav_position\":\"bottom-center\",\"nav_position_margin\":\"medium\",\"overlay_animation\":\"parallax\",\"overlay_container\":\"xlarge\",\"overlay_margin\":\"large\",\"overlay_position\":\"bottom-left\",\"overlay_width\":\"2xlarge\",\"show_content\":true,\"show_link\":true,\"show_meta\":true,\"show_thumbnail\":true,\"show_title\":true,\"slidenav\":\"default\",\"slidenav_breakpoint\":\"s\",\"slidenav_margin\":\"medium\",\"slidenav_outside_breakpoint\":\"xl\",\"slideshow_autoplay_pause\":true,\"slideshow_min_height\":300,\"slideshow_ratio\":\"16:8\",\"text_align\":\"left\",\"thumbnav_height\":\"75\",\"thumbnav_svg_color\":\"emphasis\",\"thumbnav_width\":\"100\",\"title_element\":\"h3\",\"title_hover_style\":\"reset\",\"title_style\":\"heading-medium\"},\"children\":[{\"type\":\"slideshow_item\",\"props\":{\"content\":\"\n\n<p><span>Agroecology TRANSECT er et projekt, der gennemf\\u00f8res i et samarbejde mellem 10 europ\\u00e6iske lande. Form\\u00e5let med projektet er at \\u00f8ge anvendelsen af en bred vifte af agro\\u00f8kologiske (regenerative) landbrugsmetoder hos europ\\u00e6iske landm\\u00e6nd.<\\\/span><\\\/p>\",\"image\":\"wp-content\\\/uploads\\\/sites\\\/7\\\/2025\\\/05\\\/20220624_204703-scaled.jpg\",\"meta\":\"\",\"text_color\":\"light\",\"title\":\"om projekt\"}}]}]}],\"props\":{\"attributes\":\".el-overlay {max-width:1600px;margin-left:140px;}\"}}]},{\"type\":\"section\",\"props\":{\"image_position\":\"center-center\",\"padding_remove_top\":false,\"style\":\"default\",\"title_breakpoint\":\"xl\",\"title_position\":\"top-left\",\"title_rotation\":\"left\",\"vertical_align\":\"middle\",\"width\":\"default\"},\"children\":[{\"type\":\"row\",\"props\":{\"layout\":\"1-3,2-3\"},\"children\":[{\"type\":\"column\",\"props\":{\"image_position\":\"center-center\",\"position_sticky_breakpoint\":\"m\",\"vertical_align\":\"middle\",\"width_medium\":\"1-3\"},\"children\":[{\"type\":\"image\",\"props\":{\"image\":\"wp-content\\\/uploads\\\/sites\\\/7\\\/2025\\\/05\\\/IMG_1141-scaled.jpg\",\"image_border\":\"rounded\",\"image_height\":750,\"image_svg_color\":\"emphasis\",\"image_width\":500,\"margin\":\"default\"}}]},{\"type\":\"column\",\"props\":{\"image_position\":\"center-center\",\"position_sticky_breakpoint\":\"m\",\"width_medium\":\"2-3\"},\"children\":[{\"type\":\"headline\",\"props\":{\"content\":\"Projektets form\\u00e5l\",\"title_element\":\"h2\"}},{\"type\":\"text\",\"props\":{\"column\":\"1-2\",\"column_breakpoint\":\"m\",\"content\":\"\n\n<p>Agroecology TRANSECT er et projekt, der gennemf\\u00f8res i et samarbejde mellem 10 europ\\u00e6iske lande. Form\\u00e5let med projektet er at \\u00f8ge anvendelsen af en bred vifte af agro\\u00f8kologiske landbrugsmetoder hos europ\\u00e6iske landm\\u00e6nd. Du kan se en mere detaljeret definition at agro\\u00f8kologi her (link), men overordnet set, s\\u00e5 kan begrebet beskrives som en tilgang til transformering af hele f\\u00f8devaresystemet med henblik p\\u00e5 b\\u00e6redygtighed fra jord til bord.<\\\/p>\\n\n\n<p>Den rent landbrugsm\\u00e6ssige del af agro\\u00f8kologi har fokus p\\u00e5 at f\\u00e5 mest muligt ud af de naturlige processer i jord, afgr\\u00f8der og \\u00f8kosystem, samtidig med at man reducerer ressourceforbruget i form af input i produktionen af afgr\\u00f8der og har fokus p\\u00e5 at \\u00f8ge jordsundhed og biodiversitet. Projektet er finansieret af EU gennem Horizon Europe programmet.<\\\/p>\\n\n\n<p>I den danske del af projektet arbejder vi med at fremme udbredelsen af Conservation Agriculture. Det g\\u00f8r vi gennem et samarbejde mellem Roskilde Universitet, Agrovi og erfagrupper for landm\\u00e6nd med fokus p\\u00e5 pl\\u00f8jefri dyrkning af jorden.<\\\/p>\\n\n\n<p>Erfagrupperne, der indg\\u00e5r i projektet, har eksisteret i flere \\u00e5r inden projektets start og de k\\u00f8rer videre som hidtil. Men med projektet, Agroecology TRANSECT, kan vi tilbyde erfagrupperne noget ekstra i form at blandt andet hj\\u00e6lp til gennemf\\u00f8relse af, og opf\\u00f8lgning p\\u00e5 markfors\\u00f8g. Vi kan desuden arbejde for bedre rammevilk\\u00e5r, bedre afs\\u00e6tningsmuligheder og en bedre indsigt i driftsformen blandt forbrugerne og i samfundet generelt.<\\\/p>\",\"margin\":\"default\"}}]}]}]},{\"type\":\"section\",\"props\":{\"image_position\":\"center-center\",\"style\":\"primary\",\"title_breakpoint\":\"xl\",\"title_position\":\"top-left\",\"title_rotation\":\"left\",\"vertical_align\":\"middle\",\"width\":\"default\"},\"children\":[{\"type\":\"row\",\"children\":[{\"type\":\"column\",\"props\":{\"image_position\":\"center-center\",\"position_sticky_breakpoint\":\"m\"},\"children\":[{\"type\":\"button\",\"props\":{\"button_size\":\"large\",\"grid_column_gap\":\"small\",\"grid_row_gap\":\"small\",\"margin\":\"default\",\"text_align\":\"center\"},\"children\":[{\"type\":\"button_item\",\"props\":{\"button_style\":\"primary\",\"content\":\"ARRANGEMENTER\",\"dialog_layout\":\"modal\",\"dialog_offcanvas_flip\":true,\"icon\":\"calendar\",\"icon_align\":\"left\",\"link\":\"arrangementer\\\/\"}},{\"type\":\"button_item\",\"props\":{\"button_style\":\"primary\",\"content\":\"VIDEN\",\"dialog_layout\":\"modal\",\"dialog_offcanvas_flip\":true,\"icon\":\"info\",\"icon_align\":\"left\",\"link\":\"viden\\\/\"}},{\"type\":\"button_item\",\"props\":{\"button_style\":\"primary\",\"content\":\"MEDVIRKENDE\",\"dialog_layout\":\"modal\",\"dialog_offcanvas_flip\":true,\"icon\":\"users\",\"icon_align\":\"left\",\"link\":\"medvirkende\\\/\"}}]}]}]}]},{\"type\":\"section\",\"props\":{\"id\":\"mere\",\"image_position\":\"center-center\",\"style\":\"default\",\"title_breakpoint\":\"xl\",\"title_position\":\"top-left\",\"title_rotation\":\"left\",\"vertical_align\":\"middle\",\"width\":\"default\"},\"children\":[{\"type\":\"row\",\"props\":{\"layout\":\"1-3,2-3\"},\"children\":[{\"type\":\"column\",\"props\":{\"image_position\":\"center-center\",\"position_sticky_breakpoint\":\"m\",\"vertical_align\":\"middle\",\"width_medium\":\"1-3\"},\"children\":[{\"type\":\"image\",\"props\":{\"image\":\"wp-content\\\/uploads\\\/sites\\\/7\\\/2025\\\/05\\\/Agroecology-TRANSECT_RGB-BLACK-TEXT-scaled.png\",\"image_border\":\"rounded\",\"image_svg_color\":\"emphasis\",\"image_width\":500,\"margin\":\"default\"}}]},{\"type\":\"column\",\"props\":{\"image_position\":\"center-center\",\"position_sticky_breakpoint\":\"m\",\"width_medium\":\"2-3\"},\"children\":[{\"type\":\"headline\",\"props\":{\"content\":\"Innovation hubs\",\"title_element\":\"h2\"}},{\"type\":\"text\",\"props\":{\"column\":\"1-2\",\"column_breakpoint\":\"m\",\"content\":\"\n\n<p class=\\\"xmsonormal\\\">Det danske samarbejde mellem Agrovi, RUC og de pl\\u00f8jefri erfagrupper kaldes i projektets sammenh\\u00e6ng for et Innovation Hub (IH). Udover det danske IH, er der yderligere 10 IH\\u2019er fordelt p\\u00e5 de 9 andre europ\\u00e6iske lande Rum\\u00e6nien, Schweiz, Frankrig, Slovenien, Bulgarien, Spanien, Ungarn, Belgien og Holland.<\\\/p>\\n\n\n<p class=\\\"xmsonormal\\\">Frankrig har to IH\\u2019er placeret henholdsvis midt p\\u00e5 det franske fastland og p\\u00e5 Guadeloupe (Fransk Vestindien). De i alt 11 IH\\u2019er repr\\u00e6sentere en bred vifte af forskellige europ\\u00e6iske landbrugssystemer og bioklimatiske zoner. Du kan l\\u00e6se mere om det samlede projekt og de \\u00f8vrige IH\\u2019er her<span>\\u00a0<\\\/span><a href=\\\"https:\\\/\\\/www.agroecology-transect.net\\\/\\\">link<\\\/a><o:p><\\\/o:p><\\\/p>\\n\n\n<p class=\\\"xmsonormal\\\">Projektet l\\u00f8ber frem til september 2026.<\\\/p>\",\"margin\":\"default\"}}]}]}]}],\"version\":\"4.5.15\"} --><\/p>\n","protected":false},"excerpt":{"rendered":"<p>om projekt Agroecology TRANSECT er et projekt, der gennemf\u00f8res i et samarbejde mellem 10 europ\u00e6iske lande. Form\u00e5let med projektet er at \u00f8ge anvendelsen af en bred vifte af agro\u00f8kologiske (regenerative) landbrugsmetoder hos europ\u00e6iske landm\u00e6nd. Projektets form\u00e5l Agroecology TRANSECT er et projekt, der gennemf\u00f8res i et samarbejde mellem 10 europ\u00e6iske lande. Form\u00e5let med projektet er at [&hellip;]<\/p>\n","protected":false},"author":1,"featured_media":0,"parent":0,"menu_order":0,"comment_status":"closed","ping_status":"closed","template":"","meta":{"_acf_changed":false,"footnotes":""},"class_list":["post-534","page","type-page","status-publish","hentry"],"acf":[],"_links":{"self":[{"href":"https:\/\/agroviprojekter.dk\/agroecologytransect\/wp-json\/wp\/v2\/pages\/534","targetHints":{"allow":["GET"]}}],"collection":[{"href":"https:\/\/agroviprojekter.dk\/agroecologytransect\/wp-json\/wp\/v2\/pages"}],"about":[{"href":"https:\/\/agroviprojekter.dk\/agroecologytransect\/wp-json\/wp\/v2\/types\/page"}],"author":[{"embeddable":true,"href":"https:\/\/agroviprojekter.dk\/agroecologytransect\/wp-json\/wp\/v2\/users\/1"}],"replies":[{"embeddable":true,"href":"https:\/\/agroviprojekter.dk\/agroecologytransect\/wp-json\/wp\/v2\/comments?post=534"}],"version-history":[{"count":21,"href":"https:\/\/agroviprojekter.dk\/agroecologytransect\/wp-json\/wp\/v2\/pages\/534\/revisions"}],"predecessor-version":[{"id":907,"href":"https:\/\/agroviprojekter.dk\/agroecologytransect\/wp-json\/wp\/v2\/pages\/534\/revisions\/907"}],"wp:attachment":[{"href":"https:\/\/agroviprojekter.dk\/agroecologytransect\/wp-json\/wp\/v2\/media?parent=534"}],"curies":[{"name":"wp","href":"https:\/\/api.w.org\/{rel}","templated":true}]}}