{"id":538,"date":"2024-06-07T08:03:25","date_gmt":"2024-06-07T06:03:25","guid":{"rendered":"https:\/\/enjoy.redhill.dk\/agroviprojekter\/template\/?page_id=538"},"modified":"2025-07-04T14:05:08","modified_gmt":"2025-07-04T12:05:08","slug":"medvirkende","status":"publish","type":"page","link":"https:\/\/agroviprojekter.dk\/agroecologytransect\/medvirkende\/","title":{"rendered":"Medvirkende"},"content":{"rendered":"<h1>MEDVIRKENDE<\/h1>\n<div>\n<p>Det danske innovation HUB er et samarbejde mellem Agrovi, Roskilde Universitet (RUC) og Agrovis pl\u00f8jefri ERFA-grupper. Fokusomr\u00e5derne er: Markfors\u00f8g, ERFA-gruppernes rolle, landmandens relation til det omgivende samfund og rammebetingelser og politik.\u00a0<\/p>\n<\/div>\n<div>\n<\/div>\n<p><!--more--><br \/>\n<!-- {\"type\":\"layout\",\"children\":[{\"type\":\"section\",\"props\":{\"image_position\":\"center-center\",\"style\":\"default\",\"title_breakpoint\":\"xl\",\"title_position\":\"top-left\",\"title_rotation\":\"left\",\"vertical_align\":\"middle\",\"width\":\"xlarge\"},\"children\":[{\"type\":\"row\",\"children\":[{\"type\":\"column\",\"props\":{\"image_position\":\"center-center\",\"position_sticky_breakpoint\":\"m\"},\"children\":[{\"type\":\"headline\",\"props\":{\"content\":\"MEDVIRKENDE\",\"title_element\":\"h1\"}},{\"type\":\"text\",\"props\":{\"column_breakpoint\":\"m\",\"content\":\"\n\n<p>Det danske innovation HUB er et samarbejde mellem Agrovi, Roskilde Universitet (RUC) og Agrovis pl\\u00f8jefri ERFA-grupper. Fokusomr\\u00e5derne er: Markfors\\u00f8g, ERFA-gruppernes rolle, landmandens relation til det omgivende samfund og rammebetingelser og politik.\\u00a0<\\\/p>\",\"margin\":\"default\",\"maxwidth\":\"xlarge\"}}]}]}]},{\"type\":\"section\",\"props\":{\"image_position\":\"center-center\",\"padding\":\"xsmall\",\"style\":\"default\",\"title_breakpoint\":\"xl\",\"title_position\":\"top-left\",\"title_rotation\":\"left\",\"vertical_align\":\"middle\",\"width\":\"xlarge\"},\"children\":[{\"type\":\"row\",\"children\":[{\"type\":\"column\",\"props\":{\"image_position\":\"center-center\",\"position_sticky_breakpoint\":\"m\"},\"children\":[{\"type\":\"grid\",\"props\":{\"content_column_breakpoint\":\"m\",\"css\":\".el-image {border-radius:15px;}\\n\",\"filter_align\":\"left\",\"filter_all\":true,\"filter_grid_breakpoint\":\"m\",\"filter_grid_width\":\"auto\",\"filter_position\":\"top\",\"filter_style\":\"tab\",\"grid_default\":\"1\",\"grid_medium\":\"3\",\"icon_width\":80,\"image_align\":\"top\",\"image_grid_breakpoint\":\"m\",\"image_grid_width\":\"auto\",\"image_svg_color\":\"emphasis\",\"item_animation\":true,\"lightbox_bg_close\":true,\"link_style\":\"primary\",\"link_text\":\"Read more\",\"margin\":\"default\",\"meta_align\":\"below-title\",\"meta_element\":\"div\",\"meta_style\":\"text-meta\",\"panel_expand\":\"content\",\"panel_image_no_padding\":true,\"panel_padding\":\"small\",\"panel_style\":\"tile-default\",\"show_content\":true,\"show_hover_image\":true,\"show_hover_video\":true,\"show_image\":true,\"show_link\":true,\"show_meta\":true,\"show_title\":true,\"show_video\":true,\"title_align\":\"top\",\"title_element\":\"h2\",\"title_grid_breakpoint\":\"m\",\"title_grid_width\":\"1-2\",\"title_hover_style\":\"reset\",\"title_style\":\"h2\"},\"children\":[{\"type\":\"grid_item\",\"props\":{\"image\":\"\"},\"source\":{\"query\":{\"name\":\"persons.customPersons\",\"arguments\":{\"terms\":[],\"persontax_operator\":\"IN\",\"users\":[],\"users_operator\":\"IN\",\"offset\":0,\"limit\":10,\"order\":\"date\",\"order_direction\":\"ASC\"}},\"props\":{\"title\":{\"filters\":{\"search\":\"\"},\"name\":\"title\"},\"content\":{\"name\":\"field.om_personen\"},\"meta\":{\"name\":\"field.stillin\"}}}}]}]}]}]}],\"version\":\"4.5.21\"} --><\/p>\n","protected":false},"excerpt":{"rendered":"<p>MEDVIRKENDE Det danske innovation HUB er et samarbejde mellem Agrovi, Roskilde Universitet (RUC) og Agrovis pl\u00f8jefri ERFA-grupper. Fokusomr\u00e5derne er: Markfors\u00f8g, ERFA-gruppernes rolle, landmandens relation til det omgivende samfund og rammebetingelser og politik.\u00a0<\/p>\n","protected":false},"author":1,"featured_media":0,"parent":0,"menu_order":0,"comment_status":"closed","ping_status":"closed","template":"","meta":{"_acf_changed":false,"footnotes":""},"class_list":["post-538","page","type-page","status-publish","hentry"],"acf":[],"_links":{"self":[{"href":"https:\/\/agroviprojekter.dk\/agroecologytransect\/wp-json\/wp\/v2\/pages\/538","targetHints":{"allow":["GET"]}}],"collection":[{"href":"https:\/\/agroviprojekter.dk\/agroecologytransect\/wp-json\/wp\/v2\/pages"}],"about":[{"href":"https:\/\/agroviprojekter.dk\/agroecologytransect\/wp-json\/wp\/v2\/types\/page"}],"author":[{"embeddable":true,"href":"https:\/\/agroviprojekter.dk\/agroecologytransect\/wp-json\/wp\/v2\/users\/1"}],"replies":[{"embeddable":true,"href":"https:\/\/agroviprojekter.dk\/agroecologytransect\/wp-json\/wp\/v2\/comments?post=538"}],"version-history":[{"count":21,"href":"https:\/\/agroviprojekter.dk\/agroecologytransect\/wp-json\/wp\/v2\/pages\/538\/revisions"}],"predecessor-version":[{"id":926,"href":"https:\/\/agroviprojekter.dk\/agroecologytransect\/wp-json\/wp\/v2\/pages\/538\/revisions\/926"}],"wp:attachment":[{"href":"https:\/\/agroviprojekter.dk\/agroecologytransect\/wp-json\/wp\/v2\/media?parent=538"}],"curies":[{"name":"wp","href":"https:\/\/api.w.org\/{rel}","templated":true}]}}