{"id":528,"date":"2024-06-07T08:02:09","date_gmt":"2024-06-07T06:02:09","guid":{"rendered":"https:\/\/enjoy.redhill.dk\/agroviprojekter\/template\/?page_id=528"},"modified":"2025-02-03T15:34:50","modified_gmt":"2025-02-03T14:34:50","slug":"forside","status":"publish","type":"page","link":"https:\/\/agroviprojekter.dk\/mitichar\/","title":{"rendered":"forside"},"content":{"rendered":"<div>\n<p>    <img decoding=\"async\" data-src=\"\/mitichar\/wp-content\/uploads\/sites\/5\/2024\/06\/MitiChar-demoarragnegement-Arrangement-Web.png\" alt=\"\" src=\"data:image\/svg+xml;base64,PHN2ZyB3aWR0aD0iMSIgaGVpZ2h0PSIxIiB4bWxucz0iaHR0cDovL3d3dy53My5vcmcvMjAwMC9zdmciPjwvc3ZnPg==\" class=\"lazyload\" style=\"--smush-placeholder-width: 6081px; --smush-placeholder-aspect-ratio: 6081\/2737;\"><\/p>\n<h3>MitiChar<\/h3>\n<div>\n<p>Her p\u00e5 siden vil du kunne f\u00f8lge med i projektet og se nyheder om resultater og events. Projektet l\u00f8ber frem til medio 2026.<\/p>\n<\/div>\n<\/div>\n<div>\n<p>    <img decoding=\"async\" data-src=\"\/mitichar\/wp-content\/uploads\/sites\/5\/2024\/06\/IMG_5190-scaled.jpg\" alt=\"\" src=\"data:image\/svg+xml;base64,PHN2ZyB3aWR0aD0iMSIgaGVpZ2h0PSIxIiB4bWxucz0iaHR0cDovL3d3dy53My5vcmcvMjAwMC9zdmciPjwvc3ZnPg==\" class=\"lazyload\" style=\"--smush-placeholder-width: 1920px; --smush-placeholder-aspect-ratio: 1920\/2560;\"><\/p>\n<h2>Form\u00e5l<\/h2>\n<div>\n<p>Form\u00e5let med projektet er at unders\u00f8ge biochars (ogs\u00e5 kaldet biokul) potentiale til at afb\u00f8de klimap\u00e5virkningerne af planteproduktion.<\/p>\n<p>Landbrugets planteproduktion medf\u00f8rer udledning af lattergas, som er en drivhusgas der er n\u00e6sten 300 gange kraftigere end CO<sub>2<\/sub>.<\/p>\n<\/div>\n<p><a href=\"https:\/\/agroviprojekter.dk\/mitichar\/om-projektet\/\">L\u00e6s mere om projektet<\/a><\/p>\n<\/div>\n<div>\n<\/div>\n<h4>partnere og st\u00f8ttegivere<\/h4>\n<div>\n<p style=\"text-align: center;\">MitiChar gennemf\u00f8res i et samarbejde mellem K\u00f8benhavns Universitet, \u00c5rhus Universitet, Stiesdal SkyClean, HedeDanmark og Agrovi.<\/p>\n<p style=\"text-align: center;\">Projektet er finansieret med tilskud fra Innovationsfonden gennem forsknings- og innovationspartnerskabet, AgriFoodTure. Partnerne i projektet bidrager desuden med egenfinansiering.<\/p>\n<\/div>\n<ul>\n<li>\n<p>        <img decoding=\"async\" data-src=\"\/mitichar\/wp-content\/uploads\/sites\/5\/2024\/06\/logo_Tegnebraet-1-02.png\" alt=\"\" src=\"data:image\/svg+xml;base64,PHN2ZyB3aWR0aD0iMSIgaGVpZ2h0PSIxIiB4bWxucz0iaHR0cDovL3d3dy53My5vcmcvMjAwMC9zdmciPjwvc3ZnPg==\" class=\"lazyload\" style=\"--smush-placeholder-width: 1042px; --smush-placeholder-aspect-ratio: 1042\/1042;\"><\/p>\n<h3>Agrifoodture<\/h3>\n<\/li>\n<li>\n<p>        <img decoding=\"async\" data-src=\"\/mitichar\/wp-content\/uploads\/sites\/5\/2024\/06\/logo_Tegnebraet-1-03.png\" alt=\"\" src=\"data:image\/svg+xml;base64,PHN2ZyB3aWR0aD0iMSIgaGVpZ2h0PSIxIiB4bWxucz0iaHR0cDovL3d3dy53My5vcmcvMjAwMC9zdmciPjwvc3ZnPg==\" class=\"lazyload\" style=\"--smush-placeholder-width: 1042px; --smush-placeholder-aspect-ratio: 1042\/1042;\"><\/p>\n<h3>agrovifav<\/h3>\n<\/li>\n<li>\n<p>        <img decoding=\"async\" data-src=\"\/mitichar\/wp-content\/uploads\/sites\/5\/2024\/06\/logo_Tegnebraet-1-05.png\" alt=\"\" src=\"data:image\/svg+xml;base64,PHN2ZyB3aWR0aD0iMSIgaGVpZ2h0PSIxIiB4bWxucz0iaHR0cDovL3d3dy53My5vcmcvMjAwMC9zdmciPjwvc3ZnPg==\" class=\"lazyload\" style=\"--smush-placeholder-width: 1042px; --smush-placeholder-aspect-ratio: 1042\/1042;\"><\/p>\n<h3>agrovifav<\/h3>\n<\/li>\n<li>\n<p>        <img decoding=\"async\" data-src=\"\/mitichar\/wp-content\/uploads\/sites\/5\/2024\/06\/logo_Tegnebraet-1-04.png\" alt=\"\" src=\"data:image\/svg+xml;base64,PHN2ZyB3aWR0aD0iMSIgaGVpZ2h0PSIxIiB4bWxucz0iaHR0cDovL3d3dy53My5vcmcvMjAwMC9zdmciPjwvc3ZnPg==\" class=\"lazyload\" style=\"--smush-placeholder-width: 1042px; --smush-placeholder-aspect-ratio: 1042\/1042;\"><\/p>\n<h3>agrovifav<\/h3>\n<\/li>\n<li>\n<p>        <img decoding=\"async\" data-src=\"\/mitichar\/wp-content\/uploads\/sites\/5\/2024\/06\/logo_Tegnebraet-1-01.png\" alt=\"\" src=\"data:image\/svg+xml;base64,PHN2ZyB3aWR0aD0iMSIgaGVpZ2h0PSIxIiB4bWxucz0iaHR0cDovL3d3dy53My5vcmcvMjAwMC9zdmciPjwvc3ZnPg==\" class=\"lazyload\" style=\"--smush-placeholder-width: 1042px; --smush-placeholder-aspect-ratio: 1042\/1042;\"><\/p>\n<h3>agrovifav<\/h3>\n<\/li>\n<li>\n<p>        <img decoding=\"async\" data-src=\"\/mitichar\/wp-content\/uploads\/sites\/5\/2024\/06\/agrovi_logo.svg\" alt=\"\" src=\"data:image\/svg+xml;base64,PHN2ZyB3aWR0aD0iMSIgaGVpZ2h0PSIxIiB4bWxucz0iaHR0cDovL3d3dy53My5vcmcvMjAwMC9zdmciPjwvc3ZnPg==\" class=\"lazyload\"><\/p>\n<h3>Agrovi<\/h3>\n<\/li>\n<li>\n<p>        <img decoding=\"async\" data-src=\"\/mitichar\/wp-content\/uploads\/sites\/5\/2024\/07\/innovationsfonden_logo_dk_teal_rgb_0.png\" alt=\"\" src=\"data:image\/svg+xml;base64,PHN2ZyB3aWR0aD0iMSIgaGVpZ2h0PSIxIiB4bWxucz0iaHR0cDovL3d3dy53My5vcmcvMjAwMC9zdmciPjwvc3ZnPg==\" class=\"lazyload\" style=\"--smush-placeholder-width: 2000px; --smush-placeholder-aspect-ratio: 2000\/1000;\"><\/p>\n<h3>Innovationsfunden<\/h3>\n<\/li>\n<li>\n<p>        <img decoding=\"async\" data-src=\"\/mitichar\/wp-content\/uploads\/sites\/5\/2024\/07\/nextgeneu_en.jpg\" alt=\"\" src=\"data:image\/svg+xml;base64,PHN2ZyB3aWR0aD0iMSIgaGVpZ2h0PSIxIiB4bWxucz0iaHR0cDovL3d3dy53My5vcmcvMjAwMC9zdmciPjwvc3ZnPg==\" class=\"lazyload\" style=\"--smush-placeholder-width: 1100px; --smush-placeholder-aspect-ratio: 1100\/329;\"><\/p>\n<h3>EU<\/h3>\n<\/li>\n<\/ul>\n<hr>\n<p><img decoding=\"async\" data-src=\"\/mitichar\/wp-content\/uploads\/sites\/5\/2024\/07\/nextgeneu_en.jpg\" alt=\"\" src=\"data:image\/svg+xml;base64,PHN2ZyB3aWR0aD0iMSIgaGVpZ2h0PSIxIiB4bWxucz0iaHR0cDovL3d3dy53My5vcmcvMjAwMC9zdmciPjwvc3ZnPg==\" class=\"lazyload\" style=\"--smush-placeholder-width: 1100px; --smush-placeholder-aspect-ratio: 1100\/329;\"><br \/>\n<img decoding=\"async\" data-src=\"\/mitichar\/wp-content\/uploads\/sites\/5\/2024\/06\/cropped-AgriFoodTure_logo_forloeb-1024x186-1.png\" alt=\"\" src=\"data:image\/svg+xml;base64,PHN2ZyB3aWR0aD0iMSIgaGVpZ2h0PSIxIiB4bWxucz0iaHR0cDovL3d3dy53My5vcmcvMjAwMC9zdmciPjwvc3ZnPg==\" class=\"lazyload\" style=\"--smush-placeholder-width: 1024px; --smush-placeholder-aspect-ratio: 1024\/186;\"><br \/>\n<img decoding=\"async\" data-src=\"\/mitichar\/wp-content\/uploads\/sites\/5\/2024\/07\/innovationsfonden_logo_dk_teal_rgb_0.png\" alt=\"\" src=\"data:image\/svg+xml;base64,PHN2ZyB3aWR0aD0iMSIgaGVpZ2h0PSIxIiB4bWxucz0iaHR0cDovL3d3dy53My5vcmcvMjAwMC9zdmciPjwvc3ZnPg==\" class=\"lazyload\" style=\"--smush-placeholder-width: 2000px; --smush-placeholder-aspect-ratio: 2000\/1000;\"><\/p>\n<p><!--more--><br \/>\n<!-- {\"type\":\"layout\",\"children\":[{\"type\":\"section\",\"props\":{\"header_transparent\":true,\"header_transparent_noplaceholder\":true,\"image_position\":\"center-center\",\"padding_remove_bottom\":true,\"padding_remove_top\":true,\"style\":\"default\",\"title_breakpoint\":\"xl\",\"title_position\":\"top-left\",\"title_rotation\":\"left\",\"vertical_align\":\"middle\",\"width\":\"\"},\"children\":[{\"type\":\"row\",\"children\":[{\"type\":\"column\",\"props\":{\"image_position\":\"center-center\",\"position_sticky_breakpoint\":\"m\"},\"children\":[{\"type\":\"slideshow\",\"props\":{\"container_padding_remove\":false,\"css\":\"@media (max-width:700px) {.el-title {font-size:25px;margin-bottom:-10px !important;}}\",\"link_style\":\"default\",\"link_text\":\"Read more\",\"margin\":\"default\",\"meta_align\":\"below-title\",\"meta_color\":\"muted\",\"meta_element\":\"div\",\"meta_margin\":\"large\",\"meta_style\":\"text-large\",\"nav\":\"\",\"nav_align\":\"center\",\"nav_breakpoint\":\"s\",\"nav_position\":\"bottom-center\",\"nav_position_margin\":\"medium\",\"overlay_animation\":\"parallax\",\"overlay_container\":\"xlarge\",\"overlay_margin\":\"large\",\"overlay_position\":\"bottom-left\",\"overlay_width\":\"2xlarge\",\"show_content\":true,\"show_link\":true,\"show_meta\":true,\"show_thumbnail\":true,\"show_title\":true,\"slidenav\":\"default\",\"slidenav_breakpoint\":\"s\",\"slidenav_margin\":\"medium\",\"slidenav_outside_breakpoint\":\"xl\",\"slideshow_autoplay\":false,\"slideshow_autoplay_pause\":true,\"slideshow_min_height\":300,\"slideshow_ratio\":\"16:5\",\"text_align\":\"left\",\"thumbnav_height\":\"75\",\"thumbnav_svg_color\":\"emphasis\",\"thumbnav_width\":\"100\",\"title_element\":\"h3\",\"title_hover_style\":\"reset\",\"title_style\":\"heading-medium\"},\"children\":[{\"type\":\"slideshow_item\",\"props\":{\"content\":\"\n\n<p>Her p\\u00e5 siden vil du kunne f\\u00f8lge med i projektet og se nyheder om resultater og events. Projektet l\\u00f8ber frem til medio 2026.<\\\/p>\",\"image\":\"wp-content\\\/uploads\\\/sites\\\/5\\\/2024\\\/06\\\/MitiChar-demoarragnegement-Arrangement-Web.png\",\"meta\":\"\",\"text_color\":\"light\",\"title\":\"MitiChar\"}}]}]}],\"props\":{\"attributes\":\".el-overlay {max-width:1600px;margin-left:140px;}\"}}]},{\"type\":\"section\",\"props\":{\"animation\":\"slide-left-medium\",\"image_position\":\"center-center\",\"padding_remove_top\":false,\"style\":\"default\",\"title_breakpoint\":\"xl\",\"title_position\":\"top-left\",\"title_rotation\":\"left\",\"vertical_align\":\"middle\",\"width\":\"xlarge\"},\"children\":[{\"type\":\"row\",\"children\":[{\"type\":\"column\",\"props\":{\"image_position\":\"center-center\",\"position_sticky_breakpoint\":\"m\"},\"children\":[{\"type\":\"grid\",\"props\":{\"content_column_breakpoint\":\"m\",\"css\":\".el-image {border-radius:15px;}\\n\",\"filter_align\":\"left\",\"filter_all\":true,\"filter_grid_breakpoint\":\"m\",\"filter_grid_width\":\"auto\",\"filter_position\":\"top\",\"filter_style\":\"tab\",\"grid_default\":\"1\",\"grid_medium\":\"\",\"icon_width\":80,\"image_align\":\"left\",\"image_grid_breakpoint\":\"m\",\"image_grid_width\":\"auto\",\"image_height\":\"300\",\"image_svg_color\":\"emphasis\",\"image_width\":\"400\",\"item_animation\":true,\"lightbox_bg_close\":true,\"link_style\":\"primary\",\"link_text\":\"Read more\",\"margin\":\"default\",\"meta_align\":\"below-title\",\"meta_element\":\"div\",\"meta_style\":\"text-meta\",\"panel_expand\":\"content\",\"panel_image_no_padding\":true,\"panel_padding\":\"default\",\"panel_style\":\"tile-default\",\"show_content\":true,\"show_hover_image\":true,\"show_hover_video\":true,\"show_image\":true,\"show_link\":true,\"show_meta\":true,\"show_title\":true,\"show_video\":true,\"title_align\":\"top\",\"title_element\":\"h2\",\"title_grid_breakpoint\":\"m\",\"title_grid_width\":\"1-2\",\"title_hover_style\":\"reset\",\"title_style\":\"h2\"},\"children\":[{\"type\":\"grid_item\",\"props\":{\"content\":\"\n\n<p>Form\\u00e5let med projektet er at unders\\u00f8ge biochars (ogs\\u00e5 kaldet biokul) potentiale til at afb\\u00f8de klimap\\u00e5virkningerne af planteproduktion.<\\\/p>\\n\n\n<p>Landbrugets planteproduktion medf\\u00f8rer udledning af lattergas, som er en drivhusgas der er n\\u00e6sten 300 gange kraftigere end CO<sub>2<\\\/sub>.<\\\/p>\",\"image\":\"wp-content\\\/uploads\\\/sites\\\/5\\\/2024\\\/06\\\/IMG_5190-scaled.jpg\",\"link\":\"https:\\\/\\\/agroviprojekter.dk\\\/mitichar\\\/om-projektet\\\/\",\"link_text\":\"L\\u00e6s mere om projektet\",\"title\":\"Form\\u00e5l\"}}]}]}]}]},{\"type\":\"section\",\"props\":{\"image_position\":\"center-center\",\"style\":\"primary\",\"title_breakpoint\":\"xl\",\"title_position\":\"top-left\",\"title_rotation\":\"left\",\"vertical_align\":\"middle\",\"width\":\"default\"},\"children\":[{\"type\":\"row\",\"children\":[{\"type\":\"column\",\"props\":{\"image_position\":\"center-center\",\"position_sticky_breakpoint\":\"m\",\"vertical_align\":\"middle\"},\"children\":[{\"type\":\"grid\",\"props\":{\"blend\":false,\"content_align\":false,\"content_column_breakpoint\":\"m\",\"content_dropcap\":false,\"css\":\".el-image{\\n    border-radius: 15px}\\n\",\"filter_align\":\"left\",\"filter_all\":true,\"filter_grid_breakpoint\":\"m\",\"filter_grid_width\":\"auto\",\"filter_position\":\"top\",\"filter_style\":\"tab\",\"grid_column_align\":true,\"grid_default\":\"1\",\"grid_medium\":\"3\",\"icon_width\":80,\"image_align\":\"top\",\"image_grid_breakpoint\":\"m\",\"image_grid_width\":\"1-2\",\"image_height\":\"200\",\"image_link\":false,\"image_svg_color\":\"emphasis\",\"image_width\":\"400\",\"item_animation\":true,\"lightbox_bg_close\":true,\"link_size\":\"small\",\"link_style\":\"default\",\"link_text\":\"Read more\",\"margin\":\"default\",\"meta_align\":\"below-title\",\"meta_element\":\"div\",\"meta_style\":\"\",\"panel_link\":false,\"show_content\":true,\"show_hover_image\":true,\"show_hover_video\":true,\"show_image\":true,\"show_link\":true,\"show_meta\":true,\"show_title\":true,\"show_video\":true,\"title_align\":\"top\",\"title_decoration\":\"bullet\",\"title_element\":\"h3\",\"title_grid_breakpoint\":\"m\",\"title_grid_width\":\"1-2\",\"title_hover_style\":\"reset\"},\"children\":[{\"type\":\"grid_item\",\"props\":{\"link_text\":\"L\\u00c6S MERE\"},\"source\":{\"query\":{\"name\":\"posts.customPosts\",\"arguments\":{\"terms\":[49],\"category_operator\":\"IN\",\"post_tag_operator\":\"IN\",\"users\":[2,1],\"users_operator\":\"IN\",\"offset\":0,\"limit\":3,\"order\":\"date\",\"order_direction\":\"DESC\"}},\"props\":{\"title\":{\"filters\":{\"search\":\"\"},\"name\":\"title\"},\"content\":{\"filters\":{\"search\":\"\"},\"arguments\":{\"show_excerpt\":true},\"name\":\"teaser\"},\"image\":{\"filters\":{\"search\":\"\"},\"name\":\"featuredImage.url\"},\"link\":{\"filters\":{\"search\":\"\"},\"name\":\"link\"}}}}]}]}]}]},{\"type\":\"section\",\"props\":{\"animation\":\"slide-right-medium\",\"id\":\"mere\",\"image_position\":\"center-center\",\"style\":\"default\",\"title_breakpoint\":\"xl\",\"title_position\":\"top-left\",\"title_rotation\":\"left\",\"vertical_align\":\"middle\",\"width\":\"default\"},\"children\":[{\"type\":\"row\",\"children\":[{\"type\":\"column\",\"props\":{\"image_position\":\"center-center\",\"position_sticky_breakpoint\":\"m\"},\"children\":[{\"type\":\"grid\",\"props\":{\"content_column_breakpoint\":\"m\",\"css\":\".el-image {border-radius:15px;}\",\"filter_align\":\"left\",\"filter_all\":true,\"filter_grid_breakpoint\":\"m\",\"filter_grid_width\":\"auto\",\"filter_position\":\"top\",\"filter_style\":\"tab\",\"grid_default\":\"1\",\"grid_medium\":\"1\",\"icon_width\":80,\"image_align\":\"right\",\"image_grid_breakpoint\":\"m\",\"image_grid_width\":\"auto\",\"image_height\":\"300\",\"image_svg_color\":\"emphasis\",\"image_width\":\"400\",\"item_animation\":true,\"lightbox_bg_close\":true,\"link_style\":\"primary\",\"link_text\":\"Read more\",\"margin\":\"default\",\"meta_align\":\"below-title\",\"meta_element\":\"div\",\"meta_style\":\"text-meta\",\"panel_expand\":\"content\",\"panel_image_no_padding\":true,\"panel_padding\":\"default\",\"panel_style\":\"tile-default\",\"show_content\":true,\"show_hover_image\":true,\"show_hover_video\":true,\"show_image\":true,\"show_link\":true,\"show_meta\":true,\"show_title\":true,\"show_video\":true,\"text_align\":\"right\",\"title_align\":\"top\",\"title_element\":\"h2\",\"title_grid_breakpoint\":\"m\",\"title_grid_width\":\"1-2\",\"title_hover_style\":\"reset\",\"title_style\":\"h2\"},\"children\":[{\"type\":\"grid_item\",\"props\":{\"content\":\"\n\n<p>MitiChar gennemf\\u00f8res i et samarbejde mellem K\\u00f8benhavns Universitet, \\u00c5rhus Universitet, Stiesdal SkyClean, HedeDanmark og Agrovi.<\\\/p>\\n\n\n<p>Projektet er finansieret med tilskud fra Innovationsfonden gennem forsknings- og innovationspartnerskabet, AgriFoodTure. Partnerne i projektet bidrager desuden med egenfinansiering.<\\\/p>\",\"image\":\"wp-content\\\/uploads\\\/sites\\\/4\\\/2024\\\/06\\\/Screenshot-2024-06-07-at-08.50.40.png\",\"status\":\"disabled\",\"title\":\"Partnere\"}}]}]}]}]},{\"type\":\"section\",\"props\":{\"image_position\":\"center-center\",\"style\":\"muted\",\"title_breakpoint\":\"xl\",\"title_position\":\"top-left\",\"title_rotation\":\"left\",\"vertical_align\":\"middle\",\"width\":\"expand\"},\"children\":[{\"type\":\"row\",\"props\":{\"divider\":false},\"children\":[{\"type\":\"column\",\"props\":{\"image_position\":\"center-center\",\"position_sticky_breakpoint\":\"m\"},\"children\":[{\"type\":\"headline\",\"props\":{\"content\":\"partnere og st\\u00f8ttegivere\",\"text_align\":\"center\",\"title_element\":\"h4\",\"title_style\":\"h3\"}},{\"type\":\"text\",\"props\":{\"column_breakpoint\":\"m\",\"content\":\"\n\n<p style=\\\"text-align: center;\\\">MitiChar gennemf\\u00f8res i et samarbejde mellem K\\u00f8benhavns Universitet, \\u00c5rhus Universitet, Stiesdal SkyClean, HedeDanmark og Agrovi.<\\\/p>\\n\n\n<p style=\\\"text-align: center;\\\">Projektet er finansieret med tilskud fra Innovationsfonden gennem forsknings- og innovationspartnerskabet, AgriFoodTure. Partnerne i projektet bidrager desuden med egenfinansiering.<\\\/p>\",\"margin\":\"default\"}}]}]},{\"type\":\"row\",\"props\":{\"alignment\":\"center\",\"margin\":\"large\"},\"children\":[{\"type\":\"column\",\"props\":{\"image_position\":\"center-center\",\"position_sticky_breakpoint\":\"m\"},\"children\":[{\"type\":\"panel-slider\",\"props\":{\"class\":\"graylogoer\",\"content_column_breakpoint\":\"m\",\"icon_width\":\"80\",\"image_align\":\"top\",\"image_grid_breakpoint\":\"m\",\"image_grid_width\":\"1-2\",\"image_height\":\"200\",\"image_loading\":false,\"image_svg_color\":\"emphasis\",\"image_width\":\"600\",\"link_style\":\"default\",\"link_text\":\"Read more\",\"margin\":\"large\",\"meta_align\":\"below-title\",\"meta_element\":\"div\",\"meta_style\":\"text-meta\",\"nav\":\"dotnav\",\"nav_align\":\"center\",\"nav_breakpoint\":\"s\",\"panel_match\":true,\"show_content\":true,\"show_hover_image\":true,\"show_hover_video\":true,\"show_image\":true,\"show_link\":true,\"show_meta\":true,\"show_title\":false,\"show_video\":true,\"slidenav\":\"outside\",\"slidenav_breakpoint\":\"xl\",\"slidenav_hover\":false,\"slidenav_margin\":\"medium\",\"slidenav_outside_breakpoint\":\"xl\",\"slider_autoplay\":true,\"slider_autoplay_pause\":true,\"slider_gap\":\"default\",\"slider_velocity\":\"0.5\",\"slider_width\":\"fixed\",\"slider_width_default\":\"1-1\",\"slider_width_medium\":\"1-5\",\"title_align\":\"top\",\"title_element\":\"h3\",\"title_grid_breakpoint\":\"m\",\"title_grid_width\":\"1-2\",\"title_hover_style\":\"reset\"},\"children\":[{\"type\":\"panel-slider_item\",\"props\":{\"image\":\"wp-content\\\/uploads\\\/sites\\\/5\\\/2024\\\/06\\\/logo_Tegnebraet-1-02.png\",\"title\":\"Agrifoodture\"}},{\"type\":\"panel-slider_item\",\"props\":{\"image\":\"wp-content\\\/uploads\\\/sites\\\/5\\\/2024\\\/06\\\/logo_Tegnebraet-1-03.png\",\"title\":\"agrovifav\"}},{\"type\":\"panel-slider_item\",\"props\":{\"image\":\"wp-content\\\/uploads\\\/sites\\\/5\\\/2024\\\/06\\\/logo_Tegnebraet-1-05.png\",\"title\":\"agrovifav\"}},{\"type\":\"panel-slider_item\",\"props\":{\"image\":\"wp-content\\\/uploads\\\/sites\\\/5\\\/2024\\\/06\\\/logo_Tegnebraet-1-04.png\",\"title\":\"agrovifav\"}},{\"type\":\"panel-slider_item\",\"props\":{\"image\":\"wp-content\\\/uploads\\\/sites\\\/5\\\/2024\\\/06\\\/logo_Tegnebraet-1-01.png\",\"title\":\"agrovifav\"}},{\"type\":\"panel-slider_item\",\"props\":{\"image\":\"wp-content\\\/uploads\\\/sites\\\/5\\\/2024\\\/06\\\/agrovi_logo.svg\",\"title\":\"Agrovi\"}},{\"type\":\"panel-slider_item\",\"props\":{\"image\":\"wp-content\\\/uploads\\\/sites\\\/5\\\/2024\\\/07\\\/innovationsfonden_logo_dk_teal_rgb_0.png\",\"title\":\"Innovationsfunden\"}},{\"type\":\"panel-slider_item\",\"props\":{\"image\":\"wp-content\\\/uploads\\\/sites\\\/5\\\/2024\\\/07\\\/nextgeneu_en.jpg\",\"title\":\"EU\"}}]},{\"type\":\"divider\",\"props\":{\"divider_element\":\"hr\",\"divider_style\":\"vertical\"}},{\"type\":\"fragment\",\"props\":{\"margin\":\"default\"},\"children\":[{\"type\":\"row\",\"props\":{\"alignment\":\"center\",\"layout\":\"1-3,1-3,1-3\"},\"children\":[{\"type\":\"column\",\"props\":{\"image_position\":\"center-center\",\"position_sticky_breakpoint\":\"m\",\"vertical_align\":\"middle\",\"width_medium\":\"1-3\"},\"children\":[{\"type\":\"image\",\"props\":{\"image\":\"wp-content\\\/uploads\\\/sites\\\/5\\\/2024\\\/07\\\/nextgeneu_en.jpg\",\"image_svg_color\":\"emphasis\",\"margin\":\"default\"}}]},{\"type\":\"column\",\"props\":{\"image_position\":\"center-center\",\"position_sticky_breakpoint\":\"m\",\"vertical_align\":\"middle\",\"width_medium\":\"1-3\"},\"children\":[{\"type\":\"image\",\"props\":{\"image\":\"wp-content\\\/uploads\\\/sites\\\/5\\\/2024\\\/06\\\/cropped-AgriFoodTure_logo_forloeb-1024x186-1.png\",\"image_svg_color\":\"emphasis\",\"margin\":\"default\"}}]},{\"type\":\"column\",\"props\":{\"image_position\":\"center-center\",\"position_sticky_breakpoint\":\"m\",\"vertical_align\":\"middle\",\"width_medium\":\"1-3\"},\"children\":[{\"type\":\"image\",\"props\":{\"image\":\"wp-content\\\/uploads\\\/sites\\\/5\\\/2024\\\/07\\\/innovationsfonden_logo_dk_teal_rgb_0.png\",\"image_svg_color\":\"emphasis\",\"margin\":\"default\"}}]}]}]}]}]}],\"name\":\"Partnere og st\\u00f8ttegivere\"}],\"version\":\"4.5.1\"} --><\/p>\n","protected":false},"excerpt":{"rendered":"<p>MitiChar Her p\u00e5 siden vil du kunne f\u00f8lge med i projektet og se nyheder om resultater og events. Projektet l\u00f8ber frem til medio 2026. Form\u00e5l Form\u00e5let med projektet er at unders\u00f8ge biochars (ogs\u00e5 kaldet biokul) potentiale til at afb\u00f8de klimap\u00e5virkningerne af planteproduktion. Landbrugets planteproduktion medf\u00f8rer udledning af lattergas, som er en drivhusgas der er n\u00e6sten [&hellip;]<\/p>\n","protected":false},"author":1,"featured_media":0,"parent":0,"menu_order":0,"comment_status":"closed","ping_status":"closed","template":"","meta":{"_acf_changed":false,"footnotes":""},"class_list":["post-528","page","type-page","status-publish","hentry"],"acf":[],"_links":{"self":[{"href":"https:\/\/agroviprojekter.dk\/mitichar\/wp-json\/wp\/v2\/pages\/528","targetHints":{"allow":["GET"]}}],"collection":[{"href":"https:\/\/agroviprojekter.dk\/mitichar\/wp-json\/wp\/v2\/pages"}],"about":[{"href":"https:\/\/agroviprojekter.dk\/mitichar\/wp-json\/wp\/v2\/types\/page"}],"author":[{"embeddable":true,"href":"https:\/\/agroviprojekter.dk\/mitichar\/wp-json\/wp\/v2\/users\/1"}],"replies":[{"embeddable":true,"href":"https:\/\/agroviprojekter.dk\/mitichar\/wp-json\/wp\/v2\/comments?post=528"}],"version-history":[{"count":72,"href":"https:\/\/agroviprojekter.dk\/mitichar\/wp-json\/wp\/v2\/pages\/528\/revisions"}],"predecessor-version":[{"id":938,"href":"https:\/\/agroviprojekter.dk\/mitichar\/wp-json\/wp\/v2\/pages\/528\/revisions\/938"}],"wp:attachment":[{"href":"https:\/\/agroviprojekter.dk\/mitichar\/wp-json\/wp\/v2\/media?parent=528"}],"curies":[{"name":"wp","href":"https:\/\/api.w.org\/{rel}","templated":true}]}}