{"id":534,"date":"2024-06-07T08:03:00","date_gmt":"2024-06-07T06:03:00","guid":{"rendered":"https:\/\/enjoy.redhill.dk\/agroviprojekter\/template\/?page_id=534"},"modified":"2024-07-03T15:42:17","modified_gmt":"2024-07-03T13:42:17","slug":"om-projektet","status":"publish","type":"page","link":"https:\/\/agroviprojekter.dk\/mitichar\/om-projektet\/","title":{"rendered":"Om projektet"},"content":{"rendered":"<div>\n<p>    <img decoding=\"async\" data-src=\"\/mitichar\/wp-content\/uploads\/sites\/5\/2024\/07\/billede2.jpg\" alt=\"\" src=\"data:image\/svg+xml;base64,PHN2ZyB3aWR0aD0iMSIgaGVpZ2h0PSIxIiB4bWxucz0iaHR0cDovL3d3dy53My5vcmcvMjAwMC9zdmciPjwvc3ZnPg==\" class=\"lazyload\" style=\"--smush-placeholder-width: 2016px; --smush-placeholder-aspect-ratio: 2016\/1512;\"><\/p>\n<h3>om projekt<\/h3>\n<div>\n<p>Form\u00e5let med projektet er at unders\u00f8ge biochars (ogs\u00e5 kaldet biokul) potentiale til at afb\u00f8de klimap\u00e5virkningerne af planteproduktion. Titlen MitiChar kommer af de engelske ord for afb\u00f8dning \u201dmitigate\u201d og kul \u201dchar\u201d.<\/p>\n<\/div>\n<\/div>\n<div>\n<p><img decoding=\"async\" data-src=\"\/mitichar\/wp-content\/uploads\/sites\/5\/2024\/07\/IMG_5191-scaled.jpg\" alt=\"\" src=\"data:image\/svg+xml;base64,PHN2ZyB3aWR0aD0iMSIgaGVpZ2h0PSIxIiB4bWxucz0iaHR0cDovL3d3dy53My5vcmcvMjAwMC9zdmciPjwvc3ZnPg==\" class=\"lazyload\" style=\"--smush-placeholder-width: 2560px; --smush-placeholder-aspect-ratio: 2560\/1920;\"><\/p>\n<h2>Reducering af lattergasemissioner<\/h2>\n<div>\n<p>Landbrugets planteproduktion medf\u00f8rer udledning af lattergas, som er en drivhusgas der er n\u00e6sten 300 gange kraftigere end CO<sub>2<\/sub>. I projektet unders\u00f8ges det om biochar kan reducere lattergasemissioner, og i givet fald identificere mekanismerne s\u00e5 vi kan optimere dem. Desuden bliver biochars potentiale til lagring af kulstof og forbedre jordens sundhed unders\u00f8gt, og endelig vil der blive arbejdet med at identificere barrierer og incitamenter for anvendelse af biochar i landbruget.<\/p>\n<\/div>\n<\/div>\n<h1>Lattergas er n\u00e6sten 300x kraftigere end CO2<\/h1>\n<div>\n<p><img decoding=\"async\" data-src=\"\/mitichar\/wp-content\/uploads\/sites\/5\/2024\/07\/billede1.jpg\" alt=\"\" src=\"data:image\/svg+xml;base64,PHN2ZyB3aWR0aD0iMSIgaGVpZ2h0PSIxIiB4bWxucz0iaHR0cDovL3d3dy53My5vcmcvMjAwMC9zdmciPjwvc3ZnPg==\" class=\"lazyload\" style=\"--smush-placeholder-width: 1512px; --smush-placeholder-aspect-ratio: 1512\/2016;\"><\/p>\n<h2>Biokulpiller<\/h2>\n<div>\n<p>Som en del af projektet, vil der blive fremstillet biokulpiller af halm og afgasset biomasse ved forskellige temperaturer og deres energibalance vil blive beregnet. Gennem markfors\u00f8g bliver det unders\u00f8gt hvor stabilt\/langtidsholdbart biokullet er, og der bliver lavet unders\u00f8gelser af biokullets effekter p\u00e5 jordens fysiske egenskaber.<\/p>\n<\/div>\n<\/div>\n<p><!--more--><br \/>\n<!-- {\"type\":\"layout\",\"children\":[{\"type\":\"section\",\"props\":{\"header_transparent\":true,\"header_transparent_noplaceholder\":true,\"image_position\":\"center-center\",\"padding_remove_bottom\":true,\"padding_remove_top\":true,\"style\":\"default\",\"title_breakpoint\":\"xl\",\"title_position\":\"top-left\",\"title_rotation\":\"left\",\"vertical_align\":\"middle\",\"width\":\"\"},\"children\":[{\"type\":\"row\",\"children\":[{\"type\":\"column\",\"props\":{\"image_position\":\"center-center\",\"position_sticky_breakpoint\":\"m\"},\"children\":[{\"type\":\"slideshow\",\"props\":{\"container_padding_remove\":false,\"css\":\"@media (max-width:700px) {.el-title {font-size:25px;margin-bottom:-10px !important;}}\",\"link_style\":\"default\",\"link_text\":\"Read more\",\"margin\":\"default\",\"meta_align\":\"below-title\",\"meta_color\":\"muted\",\"meta_element\":\"div\",\"meta_margin\":\"large\",\"meta_style\":\"text-large\",\"nav\":\"dotnav\",\"nav_align\":\"center\",\"nav_breakpoint\":\"s\",\"nav_position\":\"bottom-center\",\"nav_position_margin\":\"medium\",\"overlay_animation\":\"parallax\",\"overlay_container\":\"xlarge\",\"overlay_margin\":\"large\",\"overlay_position\":\"bottom-left\",\"overlay_width\":\"2xlarge\",\"show_content\":true,\"show_link\":true,\"show_meta\":true,\"show_thumbnail\":true,\"show_title\":true,\"slidenav\":\"default\",\"slidenav_breakpoint\":\"s\",\"slidenav_margin\":\"medium\",\"slidenav_outside_breakpoint\":\"xl\",\"slideshow_autoplay_pause\":true,\"slideshow_min_height\":300,\"slideshow_ratio\":\"16:5\",\"text_align\":\"left\",\"text_color\":\"light\",\"thumbnav_height\":\"75\",\"thumbnav_svg_color\":\"emphasis\",\"thumbnav_width\":\"100\",\"title_element\":\"h3\",\"title_style\":\"heading-medium\"},\"children\":[{\"type\":\"slideshow_item\",\"props\":{\"content\":\"\n\n<p>Form\\u00e5let med projektet er at unders\\u00f8ge biochars (ogs\\u00e5 kaldet biokul) potentiale til at afb\\u00f8de klimap\\u00e5virkningerne af planteproduktion. Titlen MitiChar kommer af de engelske ord for afb\\u00f8dning \\u201dmitigate\\u201d og kul \\u201dchar\\u201d.<\\\/p>\",\"image\":\"wp-content\\\/uploads\\\/sites\\\/5\\\/2024\\\/07\\\/billede2.jpg\",\"meta\":\"\",\"title\":\"om projekt\"}}]}]}],\"props\":{\"attributes\":\".el-overlay {max-width:1600px;margin-left:140px;}\"}}]},{\"type\":\"section\",\"props\":{\"animation\":\"slide-left-medium\",\"image_position\":\"center-center\",\"padding_remove_top\":false,\"style\":\"default\",\"title_breakpoint\":\"xl\",\"title_position\":\"top-left\",\"title_rotation\":\"left\",\"vertical_align\":\"middle\",\"width\":\"xlarge\"},\"children\":[{\"type\":\"row\",\"children\":[{\"type\":\"column\",\"props\":{\"image_position\":\"center-center\",\"position_sticky_breakpoint\":\"m\"},\"children\":[{\"type\":\"grid\",\"props\":{\"content_column\":\"1-2\",\"content_column_breakpoint\":\"m\",\"css\":\".el-image {border-radius:15px;}\\n\",\"filter_align\":\"left\",\"filter_all\":true,\"filter_grid_breakpoint\":\"m\",\"filter_grid_width\":\"auto\",\"filter_position\":\"top\",\"filter_style\":\"tab\",\"grid_default\":\"1\",\"grid_medium\":\"1\",\"icon_width\":80,\"image_align\":\"left\",\"image_grid_breakpoint\":\"m\",\"image_grid_width\":\"auto\",\"image_height\":\"300\",\"image_svg_color\":\"emphasis\",\"image_width\":\"400\",\"item_animation\":true,\"link_style\":\"primary\",\"link_text\":\"Read more\",\"margin\":\"default\",\"meta_align\":\"below-title\",\"meta_element\":\"div\",\"meta_style\":\"text-meta\",\"panel_expand\":\"content\",\"panel_image_no_padding\":true,\"panel_padding\":\"default\",\"panel_style\":\"tile-default\",\"show_content\":true,\"show_image\":true,\"show_link\":true,\"show_meta\":true,\"show_title\":true,\"title_align\":\"top\",\"title_element\":\"h2\",\"title_grid_breakpoint\":\"m\",\"title_grid_width\":\"1-2\",\"title_hover_style\":\"reset\",\"title_style\":\"h2\"},\"children\":[{\"type\":\"grid_item\",\"props\":{\"content\":\"\n\n<p>Landbrugets planteproduktion medf\\u00f8rer udledning af lattergas, som er en drivhusgas der er n\\u00e6sten 300 gange kraftigere end CO<sub>2<\\\/sub>. I projektet unders\\u00f8ges det om biochar kan reducere lattergasemissioner, og i givet fald identificere mekanismerne s\\u00e5 vi kan optimere dem. Desuden bliver biochars potentiale til lagring af kulstof og forbedre jordens sundhed unders\\u00f8gt, og endelig vil der blive arbejdet med at identificere barrierer og incitamenter for anvendelse af biochar i landbruget.<\\\/p>\",\"image\":\"wp-content\\\/uploads\\\/sites\\\/5\\\/2024\\\/07\\\/IMG_5191-scaled.jpg\",\"image_focal_point\":\"bottom-center\",\"lightbox_image_focal_point\":\"center-right\",\"title\":\"Reducering af lattergasemissioner\"}}]}]}]}]},{\"type\":\"section\",\"props\":{\"animation\":\"slide-bottom-small\",\"image_position\":\"center-center\",\"style\":\"primary\",\"title_breakpoint\":\"xl\",\"title_position\":\"top-left\",\"title_rotation\":\"left\",\"vertical_align\":\"middle\",\"width\":\"default\"},\"children\":[{\"type\":\"row\",\"children\":[{\"type\":\"column\",\"props\":{\"image_position\":\"center-center\",\"position_sticky_breakpoint\":\"m\",\"vertical_align\":\"middle\"},\"children\":[{\"type\":\"headline\",\"props\":{\"content\":\"Lattergas er n\\u00e6sten 300x kraftigere end CO2\",\"text_align\":\"center\",\"title_element\":\"h1\",\"title_style\":\"h3\"}}]}],\"props\":{\"alignment\":\"center\"}}]},{\"type\":\"section\",\"props\":{\"animation\":\"slide-right-medium\",\"id\":\"mere\",\"image_position\":\"center-center\",\"style\":\"default\",\"title_breakpoint\":\"xl\",\"title_position\":\"top-left\",\"title_rotation\":\"left\",\"vertical_align\":\"middle\",\"width\":\"default\"},\"children\":[{\"type\":\"row\",\"children\":[{\"type\":\"column\",\"props\":{\"image_position\":\"center-center\",\"position_sticky_breakpoint\":\"m\"},\"children\":[{\"type\":\"grid\",\"props\":{\"content_column_breakpoint\":\"m\",\"css\":\".el-image {border-radius:15px;}\",\"filter_align\":\"left\",\"filter_all\":true,\"filter_grid_breakpoint\":\"m\",\"filter_grid_width\":\"auto\",\"filter_position\":\"top\",\"filter_style\":\"tab\",\"grid_default\":\"1\",\"grid_medium\":\"1\",\"icon_width\":80,\"image_align\":\"right\",\"image_grid_breakpoint\":\"m\",\"image_grid_width\":\"auto\",\"image_height\":\"300\",\"image_svg_color\":\"emphasis\",\"image_width\":\"400\",\"item_animation\":true,\"link_style\":\"primary\",\"link_text\":\"Read more\",\"margin\":\"default\",\"meta_align\":\"below-title\",\"meta_element\":\"div\",\"meta_style\":\"text-meta\",\"panel_expand\":\"content\",\"panel_image_no_padding\":true,\"panel_padding\":\"default\",\"panel_style\":\"tile-default\",\"show_content\":true,\"show_image\":true,\"show_link\":true,\"show_meta\":true,\"show_title\":true,\"text_align\":\"right\",\"title_align\":\"top\",\"title_element\":\"h2\",\"title_grid_breakpoint\":\"m\",\"title_grid_width\":\"1-2\",\"title_hover_style\":\"reset\",\"title_style\":\"h2\"},\"children\":[{\"type\":\"grid_item\",\"props\":{\"content\":\"\n\n<p>Som en del af projektet, vil der blive fremstillet biokulpiller af halm og afgasset biomasse ved forskellige temperaturer og deres energibalance vil blive beregnet. Gennem markfors\\u00f8g bliver det unders\\u00f8gt hvor stabilt\\\/langtidsholdbart biokullet er, og der bliver lavet unders\\u00f8gelser af biokullets effekter p\\u00e5 jordens fysiske egenskaber.<\\\/p>\",\"image\":\"wp-content\\\/uploads\\\/sites\\\/5\\\/2024\\\/07\\\/billede1.jpg\",\"image_focal_point\":\"bottom-center\",\"title\":\"Biokulpiller\"}}]}]}]}]}],\"version\":\"4.4.4\"} --><\/p>\n","protected":false},"excerpt":{"rendered":"<p>om projekt Form\u00e5let med projektet er at unders\u00f8ge biochars (ogs\u00e5 kaldet biokul) potentiale til at afb\u00f8de klimap\u00e5virkningerne af planteproduktion. Titlen MitiChar kommer af de engelske ord for afb\u00f8dning \u201dmitigate\u201d og kul \u201dchar\u201d. Reducering af lattergasemissioner Landbrugets planteproduktion medf\u00f8rer udledning af lattergas, som er en drivhusgas der er n\u00e6sten 300 gange kraftigere end CO2. I projektet [&hellip;]<\/p>\n","protected":false},"author":1,"featured_media":0,"parent":0,"menu_order":0,"comment_status":"closed","ping_status":"closed","template":"","meta":{"_acf_changed":false,"footnotes":""},"class_list":["post-534","page","type-page","status-publish","hentry"],"acf":[],"_links":{"self":[{"href":"https:\/\/agroviprojekter.dk\/mitichar\/wp-json\/wp\/v2\/pages\/534","targetHints":{"allow":["GET"]}}],"collection":[{"href":"https:\/\/agroviprojekter.dk\/mitichar\/wp-json\/wp\/v2\/pages"}],"about":[{"href":"https:\/\/agroviprojekter.dk\/mitichar\/wp-json\/wp\/v2\/types\/page"}],"author":[{"embeddable":true,"href":"https:\/\/agroviprojekter.dk\/mitichar\/wp-json\/wp\/v2\/users\/1"}],"replies":[{"embeddable":true,"href":"https:\/\/agroviprojekter.dk\/mitichar\/wp-json\/wp\/v2\/comments?post=534"}],"version-history":[{"count":19,"href":"https:\/\/agroviprojekter.dk\/mitichar\/wp-json\/wp\/v2\/pages\/534\/revisions"}],"predecessor-version":[{"id":916,"href":"https:\/\/agroviprojekter.dk\/mitichar\/wp-json\/wp\/v2\/pages\/534\/revisions\/916"}],"wp:attachment":[{"href":"https:\/\/agroviprojekter.dk\/mitichar\/wp-json\/wp\/v2\/media?parent=534"}],"curies":[{"name":"wp","href":"https:\/\/api.w.org\/{rel}","templated":true}]}}