{"id":528,"date":"2024-06-07T08:02:09","date_gmt":"2024-06-07T06:02:09","guid":{"rendered":"https:\/\/enjoy.redhill.dk\/agroviprojekter\/template\/?page_id=528"},"modified":"2026-04-01T16:05:20","modified_gmt":"2026-04-01T14:05:20","slug":"forside","status":"publish","type":"page","link":"https:\/\/agroviprojekter.dk\/oasis\/","title":{"rendered":"forside"},"content":{"rendered":"<div>\n<p>    <img decoding=\"async\" data-src=\"\/oasis\/wp-content\/uploads\/sites\/9\/2026\/04\/FORSIDE-scaled.png\" alt=\"\" src=\"data:image\/svg+xml;base64,PHN2ZyB3aWR0aD0iMSIgaGVpZ2h0PSIxIiB4bWxucz0iaHR0cDovL3d3dy53My5vcmcvMjAwMC9zdmciPjwvc3ZnPg==\" class=\"lazyload\" style=\"--smush-placeholder-width: 2560px; --smush-placeholder-aspect-ratio: 2560\/1120;\"><\/p>\n<h3>OASIS<\/h3>\n<p>\u00d8kologisk skovlandbrug for at styrke og \u00f8ge b\u00e6redygtighed<\/p>\n<div>\n<p>OASIS har til form\u00e5l at dokumentere videnskabeligt i hvilket omfang skovlandbrug kan forbedre biodiversitet, jordsundhed, og klima-afb\u00f8dning og -tilpasning i Danmark, samtidig med at der sikres kvalitetsprodukter til forbrugerne og \u00f8konomisk b\u00e6redygtighed og robusthed for landmanden. Et s\u00e6rligt fokus vil v\u00e6re p\u00e5 etableringsfasen af skovlandbrug.<\/p>\n<\/div>\n<\/div>\n<p><img decoding=\"async\" data-src=\"\/oasis\/wp-content\/uploads\/sites\/9\/2026\/03\/2.jpeg\" alt=\"\" src=\"data:image\/svg+xml;base64,PHN2ZyB3aWR0aD0iMSIgaGVpZ2h0PSIxIiB4bWxucz0iaHR0cDovL3d3dy53My5vcmcvMjAwMC9zdmciPjwvc3ZnPg==\" class=\"lazyload\" style=\"--smush-placeholder-width: 1536px; --smush-placeholder-aspect-ratio: 1536\/2048;\"><\/p>\n<h1>\n<h2>Baggrund<\/h2>\n<\/h1>\n<div>\n<p>Stigende opm\u00e6rksomhed p\u00e5 skovlandbrug som leverand\u00f8r af \u00f8kosystemgoder og -tjenester har bragt skovlandbrug i globalt fokus som et centralt redskab til at begr\u00e6nse klimaforandringer, jordforringelse og biodiversitetskrisen. P\u00e5 trods af dette er anvendelsen af skovlandbrug stadig meget begr\u00e6nset i Danmark, og der er mangel p\u00e5 videnskabelig dokumentation af dets effekter.<\/p>\n<\/div>\n<h1>\n<h2>Form\u00e5let<\/h2>\n<\/h1>\n<div>\n<p>OASIS har til form\u00e5l at dokumentere videnskabeligt i hvilket omfang skovlandbrug kan forbedre biodiversitet, jordsundhed, og klima-afb\u00f8dning og -tilpasning i Danmark, samtidig med at der sikres kvalitetsprodukter til forbrugerne og \u00f8konomisk b\u00e6redygtighed og robusthed for landmanden. Et s\u00e6rligt fokus vil v\u00e6re p\u00e5 etableringsfasen af skovlandbrug.<\/p>\n<p>OASIS vil desuden etablere demonstrationsmarker med skovlandbrug for at \u00f8ge forbrugernes interesse og villighed til at betale en merpris for \u00f8kologiske produkter, skabe inspiration for landm\u00e6nd og formidle videnskabelige resultater til forbrugere, landm\u00e6nd og beslutningstagere. P\u00e5 denne m\u00e5de vil OASIS st\u00f8tte Danmarks strategi om at styrke og \u00f8ge \u00f8kologisk landbrug som en vigtig del af den gr\u00f8nne omstilling.<\/p>\n<\/div>\n<p><img decoding=\"async\" data-src=\"\/oasis\/wp-content\/uploads\/sites\/9\/2026\/03\/4.jpeg\" alt=\"\" src=\"data:image\/svg+xml;base64,PHN2ZyB3aWR0aD0iMSIgaGVpZ2h0PSIxIiB4bWxucz0iaHR0cDovL3d3dy53My5vcmcvMjAwMC9zdmciPjwvc3ZnPg==\" class=\"lazyload\" style=\"--smush-placeholder-width: 2048px; --smush-placeholder-aspect-ratio: 2048\/1536;\"><\/p>\n<div>\n<\/div>\n<p><!--more--><br \/>\n<!-- {\"type\":\"layout\",\"children\":[{\"type\":\"section\",\"props\":{\"header_transparent\":true,\"header_transparent_noplaceholder\":true,\"image_position\":\"center-center\",\"padding_bottom\":\"none\",\"padding_top\":\"none\",\"style\":\"default\",\"title_breakpoint\":\"xl\",\"title_position\":\"top-left\",\"title_rotation\":\"left\",\"vertical_align\":\"middle\",\"width\":\"\"},\"children\":[{\"type\":\"row\",\"children\":[{\"type\":\"column\",\"props\":{\"image_position\":\"center-center\",\"position_sticky_breakpoint\":\"m\"},\"children\":[{\"type\":\"slideshow\",\"props\":{\"container_padding_remove\":false,\"css\":\"\/*Tablet + mobil format*\/\\n@media (max-width:768px) {\\n    .el-title {\\n        font-size: 35px;\\n    }\\n    .el-content {\\n        visibility: hidden;\\n        font-size: 0px;\\n    }\\n}\\n\\n\/*Landscape format*\/\\n@media (min-width: 768px) and (max-width: 1280px) {\\n    .el-title {\\n        font-size: 35px;\\n    }\\n    .el-content {\\n        visibility: hidden;\\n        font-size: 0px;\\n    }\\n}\",\"link_style\":\"default\",\"link_text\":\"Read more\",\"margin_bottom\":\"default\",\"margin_top\":\"default\",\"meta_align\":\"below-title\",\"meta_color\":\"warning\",\"meta_element\":\"div\",\"meta_margin\":\"small\",\"meta_style\":\"text-large\",\"nav\":\"dotnav\",\"nav_align\":\"center\",\"nav_breakpoint\":\"s\",\"nav_position\":\"bottom-center\",\"nav_position_margin\":\"medium\",\"overlay_animation\":\"parallax\",\"overlay_container\":\"xlarge\",\"overlay_margin\":\"large\",\"overlay_position\":\"bottom-left\",\"overlay_width\":\"2xlarge\",\"show_content\":true,\"show_link\":true,\"show_meta\":true,\"show_thumbnail\":true,\"show_title\":true,\"slidenav\":\"default\",\"slidenav_breakpoint\":\"s\",\"slidenav_margin\":\"medium\",\"slidenav_outside_breakpoint\":\"xl\",\"slideshow_autoplay_pause\":true,\"slideshow_min_height\":\"450\",\"slideshow_ratio\":\"16:5\",\"text_align\":\"left\",\"thumbnav_height\":\"75\",\"thumbnav_svg_color\":\"emphasis\",\"thumbnav_width\":\"100\",\"title_element\":\"h3\",\"title_hover_style\":\"reset\",\"title_style\":\"heading-medium\"},\"children\":[{\"type\":\"slideshow_item\",\"props\":{\"content\":\"\n\n<p>OASIS har til form\u00e5l at dokumentere videnskabeligt i hvilket omfang skovlandbrug kan forbedre biodiversitet, jordsundhed, og klima-afb\u00f8dning og -tilpasning i Danmark, samtidig med at der sikres kvalitetsprodukter til forbrugerne og \u00f8konomisk b\u00e6redygtighed og robusthed for landmanden. Et s\u00e6rligt fokus vil v\u00e6re p\u00e5 etableringsfasen af skovlandbrug.<\/p>\n\n\",\"image\":\"wp-content\/uploads\/sites\/9\/2026\/04\/FORSIDE-scaled.png\",\"media_overlay\":\"rgba(0, 0, 0, 0.42)\",\"meta\":\"\u00d8kologisk skovlandbrug for at styrke og \u00f8ge b\u00e6redygtighed\",\"text_color\":\"light\",\"title\":\"OASIS\"}}]}]}],\"props\":{\"attributes\":\".el-overlay {max-width:1600px;margin-left:140px;}\"}}]},{\"type\":\"section\",\"props\":{\"image_position\":\"center-center\",\"style\":\"default\",\"title_breakpoint\":\"xl\",\"title_position\":\"top-left\",\"title_rotation\":\"left\",\"vertical_align\":\"middle\",\"width\":\"large\"},\"children\":[{\"type\":\"row\",\"props\":{\"layout\":\"1-3,2-3\"},\"children\":[{\"type\":\"column\",\"props\":{\"image_position\":\"center-center\",\"position_sticky_breakpoint\":\"m\",\"width_medium\":\"1-3\"},\"children\":[{\"type\":\"image\",\"props\":{\"css\":\".el-image{\\n    border-radius: 15px;\\n}\\n\",\"image\":\"wp-content\/uploads\/sites\/9\/2026\/03\/2.jpeg\",\"image_border\":\"rounded\",\"image_box_shadow\":\"small\",\"image_height\":400,\"image_svg_color\":\"emphasis\",\"image_width\":500,\"margin_bottom\":\"default\",\"margin_top\":\"default\"}}]},{\"type\":\"column\",\"props\":{\"image_position\":\"center-center\",\"position_sticky_breakpoint\":\"m\",\"vertical_align\":\"middle\",\"width_medium\":\"2-3\"},\"children\":[{\"type\":\"headline\",\"props\":{\"content\":\"\n\n<h2>Baggrund<\/h2>\n\n\",\"image_align\":\"left\",\"image_margin\":\"xsmall\",\"title_element\":\"h1\"}},{\"type\":\"text\",\"props\":{\"column_breakpoint\":\"m\",\"content\":\"\n\n<p>Stigende opm\u00e6rksomhed p\u00e5 skovlandbrug som leverand\u00f8r af \u00f8kosystemgoder og -tjenester har bragt skovlandbrug i globalt fokus som et centralt redskab til at begr\u00e6nse klimaforandringer, jordforringelse og biodiversitetskrisen. P\u00e5 trods af dette er anvendelsen af skovlandbrug stadig meget begr\u00e6nset i Danmark, og der er mangel p\u00e5 videnskabelig dokumentation af dets effekter.<\/p>\n\n\",\"margin_bottom\":\"default\",\"margin_top\":\"default\"}}]}]}]},{\"type\":\"section\",\"props\":{\"image_position\":\"center-center\",\"style\":\"default\",\"title_breakpoint\":\"xl\",\"title_position\":\"top-left\",\"title_rotation\":\"left\",\"vertical_align\":\"middle\",\"width\":\"large\"},\"children\":[{\"type\":\"row\",\"props\":{\"layout\":\"2-3,1-3\"},\"children\":[{\"type\":\"column\",\"props\":{\"image_position\":\"center-center\",\"position_sticky_breakpoint\":\"m\",\"width_medium\":\"2-3\"},\"children\":[{\"type\":\"headline\",\"props\":{\"content\":\"\n\n<h2>Form\u00e5let<\/h2>\n\n\",\"image_align\":\"left\",\"image_margin\":\"xsmall\",\"title_element\":\"h1\"}},{\"type\":\"text\",\"props\":{\"column_breakpoint\":\"m\",\"content\":\"\n\n<p>OASIS har til form\u00e5l at dokumentere videnskabeligt i hvilket omfang skovlandbrug kan forbedre biodiversitet, jordsundhed, og klima-afb\u00f8dning og -tilpasning i Danmark, samtidig med at der sikres kvalitetsprodukter til forbrugerne og \u00f8konomisk b\u00e6redygtighed og robusthed for landmanden. Et s\u00e6rligt fokus vil v\u00e6re p\u00e5 etableringsfasen af skovlandbrug.<\/p>\n\n\\n\n\n<p>OASIS vil desuden etablere demonstrationsmarker med skovlandbrug for at \u00f8ge forbrugernes interesse og villighed til at betale en merpris for \u00f8kologiske produkter, skabe inspiration for landm\u00e6nd og formidle videnskabelige resultater til forbrugere, landm\u00e6nd og beslutningstagere. P\u00e5 denne m\u00e5de vil OASIS st\u00f8tte Danmarks strategi om at styrke og \u00f8ge \u00f8kologisk landbrug som en vigtig del af den gr\u00f8nne omstilling.<\/p>\n\n\",\"margin_bottom\":\"default\",\"margin_top\":\"default\"}}]},{\"type\":\"column\",\"props\":{\"image_position\":\"center-center\",\"position_sticky_breakpoint\":\"m\",\"vertical_align\":\"middle\",\"width_medium\":\"1-3\"},\"children\":[{\"type\":\"image\",\"props\":{\"css\":\".el-image{\\n    border-radius: 15px;\\n}\\n\",\"image\":\"wp-content\/uploads\/sites\/9\/2026\/03\/4.jpeg\",\"image_border\":\"rounded\",\"image_box_shadow\":\"small\",\"image_height\":400,\"image_svg_color\":\"emphasis\",\"image_width\":500,\"margin_bottom\":\"default\",\"margin_top\":\"default\"}}]}]}]},{\"type\":\"section\",\"props\":{\"image_position\":\"center-center\",\"style\":\"primary\",\"title_breakpoint\":\"xl\",\"title_position\":\"top-left\",\"title_rotation\":\"left\",\"vertical_align\":\"middle\",\"width\":\"default\"},\"children\":[{\"type\":\"row\",\"children\":[{\"type\":\"column\",\"props\":{\"image_position\":\"center-center\",\"position_sticky_breakpoint\":\"m\"},\"children\":[{\"type\":\"grid\",\"props\":{\"content_column_breakpoint\":\"m\",\"filter_align\":\"left\",\"filter_all\":true,\"filter_grid_breakpoint\":\"m\",\"filter_grid_width\":\"auto\",\"filter_position\":\"top\",\"filter_style\":\"tab\",\"grid_default\":\"1\",\"grid_medium\":\"2\",\"image_align\":\"top\",\"image_border\":\"rounded\",\"image_grid_breakpoint\":\"m\",\"image_grid_width\":\"1-2\",\"image_height\":\"250\",\"image_svg_color\":\"emphasis\",\"image_width\":\"500\",\"item_animation\":true,\"lightbox_bg_close\":true,\"link_style\":\"default\",\"link_text\":\"L\u00e6s mere\",\"margin_bottom\":\"default\",\"margin_top\":\"default\",\"meta_align\":\"below-title\",\"meta_element\":\"div\",\"meta_style\":\"text-meta\",\"show_content\":true,\"show_hover_image\":true,\"show_hover_video\":true,\"show_image\":true,\"show_link\":true,\"show_meta\":true,\"show_title\":true,\"show_video\":true,\"title_align\":\"top\",\"title_element\":\"h3\",\"title_grid_breakpoint\":\"m\",\"title_grid_width\":\"1-2\",\"title_hover_style\":\"reset\"},\"children\":[{\"type\":\"grid_item\",\"source\":{\"query\":{\"name\":\"arrangements.customArrangements\",\"arguments\":{\"terms\":[],\"arrangementkategori_operator\":\"IN\",\"users\":[],\"users_operator\":\"IN\",\"offset\":0,\"limit\":10,\"order\":\"date\",\"order_direction\":\"DESC\"}},\"props\":{\"title\":{\"filters\":{\"search\":\"\"},\"name\":\"title\"},\"content\":{\"filters\":{\"search\":\"\",\"limit\":200},\"arguments\":{\"show_excerpt\":true},\"name\":\"teaser\"},\"image\":{\"filters\":{\"search\":\"\"},\"name\":\"featuredImage.url\"},\"link\":{\"filters\":{\"search\":\"\"},\"name\":\"link\"}}}}]}]}]}]},{\"type\":\"section\",\"props\":{\"image_position\":\"center-center\",\"status\":\"disabled\",\"style\":\"primary\",\"title_breakpoint\":\"xl\",\"title_position\":\"top-left\",\"title_rotation\":\"left\",\"vertical_align\":\"middle\",\"width\":\"default\"},\"children\":[{\"type\":\"row\",\"children\":[{\"type\":\"column\",\"props\":{\"image_position\":\"center-center\",\"position_sticky_breakpoint\":\"m\"},\"children\":[{\"type\":\"headline\",\"props\":{\"content\":\"\n\n<h2 style=\\\"text-align: center;\\\">PARTNERE OG ST\u00d8TTEGIVERE<\/h2>\n\n\",\"image_align\":\"left\",\"image_margin\":\"xsmall\",\"title_element\":\"h1\"}},{\"type\":\"text\",\"props\":{\"column_breakpoint\":\"m\",\"content\":\"\n\n<p style=\\\"text-align: center;\\\"><span>Lorem ipsum dolor sit amet, consectetur adipiscing elit, sed do eiusmod tempor incididunt ut labore et dolore magna aliqua. Ut enim ad minim veniam, quis nostrud exercitation ullamco laboris nisi ut aliquip ex ea commodo consequat. Duis aute irure dolor in reprehenderit in voluptate velit esse cillum dolore eu fugiat nulla pariatur. Excepteur sint occaecat cupidatat non proident, sunt in culpa qui officia deserunt mollit anim id est laborum.<\/span><\/p>\n\n\",\"margin_bottom\":\"default\",\"margin_top\":\"default\"}},{\"type\":\"panel-slider\",\"props\":{\"class\":\"graylogoer\",\"content_column_breakpoint\":\"m\",\"css\":\".el-link {\\n    visibility: hidden;\\n}\\n\",\"image_align\":\"top\",\"image_grid_breakpoint\":\"m\",\"image_grid_width\":\"1-2\",\"image_link\":true,\"image_svg_color\":\"emphasis\",\"link_style\":\"\",\"link_text\":\"Read more\",\"margin_bottom\":\"large\",\"margin_top\":\"large\",\"meta_align\":\"below-title\",\"meta_element\":\"div\",\"meta_style\":\"text-meta\",\"nav\":\"dotnav\",\"nav_align\":\"center\",\"nav_breakpoint\":\"s\",\"panel_match\":true,\"show_content\":true,\"show_hover_image\":true,\"show_hover_video\":true,\"show_image\":true,\"show_link\":true,\"show_meta\":true,\"show_title\":false,\"show_video\":true,\"slidenav\":\"outside\",\"slidenav_breakpoint\":\"xl\",\"slidenav_margin\":\"medium\",\"slidenav_outside_breakpoint\":\"xl\",\"slider_autoplay_pause\":true,\"slider_gap\":\"default\",\"slider_width\":\"fixed\",\"slider_width_default\":\"1-1\",\"slider_width_medium\":\"1-6\",\"text_align\":\"center\",\"title_align\":\"top\",\"title_element\":\"h3\",\"title_grid_breakpoint\":\"m\",\"title_grid_width\":\"1-2\",\"title_hover_style\":\"reset\"},\"children\":[{\"type\":\"panel-slider_item\",\"props\":{\"image\":\"wp-content\/uploads\/sites\/8\/2024\/12\/28.CIRC_.Friesland.png\",\"link\":\"https:\/\/circulairfriesland.frl\/bouw\/\",\"title\":\"agrovifav\"}},{\"type\":\"panel-slider_item\",\"props\":{\"image\":\"wp-content\/uploads\/sites\/8\/2024\/12\/ceremz-logo.png\",\"link\":\"https:\/\/www.cerema.fr\/en\",\"title\":\"agrovifav\"}},{\"type\":\"panel-slider_item\",\"props\":{\"image\":\"wp-content\/uploads\/sites\/8\/2024\/12\/logo_3n_1.png\",\"link\":\"https:\/\/www.3-n.info\/projekte\/laufende-projekte\/building-based-on-biobased-%E2%80%93-bbobb.html\",\"title\":\"agrovifav\"}},{\"type\":\"panel-slider_item\",\"props\":{\"image\":\"wp-content\/uploads\/sites\/8\/2024\/12\/gecco_logo_1.png\",\"link\":\"https:\/\/www.gecco.fr\/\",\"title\":\"agrovifav\"}},{\"type\":\"panel-slider_item\",\"props\":{\"image\":\"wp-content\/uploads\/sites\/8\/2024\/12\/Jade_Hochschule_logo.svg.png\",\"link\":\"https:\/\/www.jade-hs.de\/\",\"title\":\"agrovifav\"}},{\"type\":\"panel-slider_item\",\"props\":{\"image\":\"wp-content\/uploads\/sites\/8\/2024\/12\/blf_2022_sort.png\",\"link\":\"https:\/\/businesslf.dk\/om-os\/projekter\/bbobb-building-based-on-biobased\/%20and\",\"title\":\"agrovifav\"}},{\"type\":\"panel-slider_item\",\"props\":{\"image\":\"wp-content\/uploads\/sites\/8\/2024\/12\/biosintrum-logo-min.png\",\"link\":\"https:\/\/biosintrum.nl\/project\/bbobb\",\"title\":\"agrovifav\"}},{\"type\":\"panel-slider_item\",\"props\":{\"image\":\"wp-content\/uploads\/sites\/8\/2024\/12\/hod-logo-web-348x120-transparant.png\",\"link\":\"https:\/\/www.houseofdesign.nl\/\",\"title\":\"agrovifav\"}},{\"type\":\"panel-slider_item\",\"props\":{\"image\":\"wp-content\/uploads\/sites\/8\/2024\/12\/designregio-kortrijk_logo_kort_zwart.png\",\"link\":\"https:\/\/designregio-kortrijk.be\/nl\/drk-voor-jou\/building-based-on-biobased-bbobb\",\"title\":\"agrovifav\"}},{\"type\":\"panel-slider_item\",\"props\":{\"image\":\"wp-content\/uploads\/sites\/8\/2024\/12\/Logo-GBS.png\",\"link\":\"https:\/\/www.bioguldborgsund.dk\/projekter\/hampens-hus\",\"title\":\"agrovifav\"}},{\"type\":\"panel-slider_item\",\"props\":{\"image\":\"wp-content\/uploads\/sites\/8\/2024\/12\/logo_UGent_CK_EN_RGB_2400_color.png\",\"link\":\"https:\/\/www.ugent.be\/ea\/design-nexus\/nl\/onderzoek\/design-duurzaamheid\/overzicht.htm\",\"title\":\"agrovifav\"}},{\"type\":\"panel-slider_item\",\"props\":{\"image\":\"wp-content\/uploads\/sites\/8\/2024\/12\/Logo-IMT-Nord-Europe.png\",\"link\":\"https:\/\/recherche.imt-nord-europe.fr\/projets\/bbobb\/\",\"title\":\"agrovifav\"}},{\"type\":\"panel-slider_item\",\"props\":{\"image\":\"wp-content\/uploads\/sites\/8\/2024\/12\/Provinsje-Fryslan-2_1.png\",\"link\":\"https:\/\/www.fryslan.frl\/building-based-on-biobased-bbobb\",\"title\":\"agrovifav\"}},{\"type\":\"panel-slider_item\",\"props\":{\"image\":\"wp-content\/uploads\/sites\/8\/2024\/12\/agrovi-2017.png\",\"link\":\"www.agrovi.dk\",\"title\":\"Agrovi\"}}],\"name\":\"Partnere og St\u00f8ttegivere\"}]}]},{\"type\":\"row\",\"children\":[{\"type\":\"column\",\"props\":{\"image_position\":\"center-center\",\"position_sticky_breakpoint\":\"m\"},\"children\":[{\"type\":\"divider\",\"props\":{\"css\":\".el-element{\\n    \",\"divider_element\":\"hr\",\"divider_style\":\"vertical\"}},{\"type\":\"image\",\"props\":{\"image\":\"wp-content\/uploads\/sites\/8\/2024\/12\/logo.svg\",\"image_svg_color\":\"emphasis\",\"margin_bottom\":\"default\",\"margin_top\":\"default\",\"text_align\":\"center\"}}]}]}]}],\"version\":\"5.0.22\"} --><\/p>\n","protected":false},"excerpt":{"rendered":"<p>OASIS \u00d8kologisk skovlandbrug for at styrke og \u00f8ge b\u00e6redygtighed OASIS har til form\u00e5l at dokumentere videnskabeligt i hvilket omfang skovlandbrug kan forbedre biodiversitet, jordsundhed, og klima-afb\u00f8dning og -tilpasning i Danmark, samtidig med at der sikres kvalitetsprodukter til forbrugerne og \u00f8konomisk b\u00e6redygtighed og robusthed for landmanden. Et s\u00e6rligt fokus vil v\u00e6re p\u00e5 etableringsfasen af skovlandbrug. Baggrund [&hellip;]<\/p>\n","protected":false},"author":1,"featured_media":0,"parent":0,"menu_order":0,"comment_status":"closed","ping_status":"closed","template":"","meta":{"_acf_changed":false,"footnotes":""},"class_list":["post-528","page","type-page","status-publish","hentry"],"acf":[],"_links":{"self":[{"href":"https:\/\/agroviprojekter.dk\/oasis\/wp-json\/wp\/v2\/pages\/528","targetHints":{"allow":["GET"]}}],"collection":[{"href":"https:\/\/agroviprojekter.dk\/oasis\/wp-json\/wp\/v2\/pages"}],"about":[{"href":"https:\/\/agroviprojekter.dk\/oasis\/wp-json\/wp\/v2\/types\/page"}],"author":[{"embeddable":true,"href":"https:\/\/agroviprojekter.dk\/oasis\/wp-json\/wp\/v2\/users\/1"}],"replies":[{"embeddable":true,"href":"https:\/\/agroviprojekter.dk\/oasis\/wp-json\/wp\/v2\/comments?post=528"}],"version-history":[{"count":79,"href":"https:\/\/agroviprojekter.dk\/oasis\/wp-json\/wp\/v2\/pages\/528\/revisions"}],"predecessor-version":[{"id":968,"href":"https:\/\/agroviprojekter.dk\/oasis\/wp-json\/wp\/v2\/pages\/528\/revisions\/968"}],"wp:attachment":[{"href":"https:\/\/agroviprojekter.dk\/oasis\/wp-json\/wp\/v2\/media?parent=528"}],"curies":[{"name":"wp","href":"https:\/\/api.w.org\/{rel}","templated":true}]}}